{"id":346,"date":"2023-10-11T15:31:29","date_gmt":"2023-10-11T13:31:29","guid":{"rendered":"https:\/\/rewards.campcation.com\/vilkar-og-betingelser-for-campcation-rewards\/"},"modified":"2023-10-17T10:23:23","modified_gmt":"2023-10-17T08:23:23","slug":"vilkar-og-betingelser-for-campcation-rewards","status":"publish","type":"page","link":"https:\/\/rewards.campcation.com\/no\/vilkar-og-betingelser-for-campcation-rewards\/","title":{"rendered":"Vilk\u00e5r og betingelser for Campcation Rewards"},"content":{"rendered":"\t\t<div data-elementor-type=\"wp-page\" data-elementor-id=\"346\" class=\"elementor elementor-346 elementor-174\">\n\t\t\t\t\t\t\t<div class=\"elementor-element elementor-element-90d2ba4 e-flex e-con-boxed e-con e-parent\" data-id=\"90d2ba4\" data-element_type=\"container\" data-settings=\"{&quot;background_background&quot;:&quot;classic&quot;,&quot;content_width&quot;:&quot;boxed&quot;}\" data-core-v316-plus=\"true\">\n\t\t\t\t\t<div class=\"e-con-inner\">\n\t\t\t\t<div class=\"elementor-element elementor-element-5bbfc64 elementor-widget elementor-widget-heading\" data-id=\"5bbfc64\" data-element_type=\"widget\" data-widget_type=\"heading.default\">\n\t\t\t\t<div class=\"elementor-widget-container\">\n\t\t\t<style>\/*! elementor - v3.16.0 - 20-09-2023 *\/\n.elementor-heading-title{padding:0;margin:0;line-height:1}.elementor-widget-heading .elementor-heading-title[class*=elementor-size-]>a{color:inherit;font-size:inherit;line-height:inherit}.elementor-widget-heading .elementor-heading-title.elementor-size-small{font-size:15px}.elementor-widget-heading .elementor-heading-title.elementor-size-medium{font-size:19px}.elementor-widget-heading .elementor-heading-title.elementor-size-large{font-size:29px}.elementor-widget-heading .elementor-heading-title.elementor-size-xl{font-size:39px}.elementor-widget-heading .elementor-heading-title.elementor-size-xxl{font-size:59px}<\/style><span class=\"elementor-heading-title elementor-size-default\">Sist oppdatert 2023-10-11  <\/span>\t\t<\/div>\n\t\t\t\t<\/div>\n\t\t\t\t<div class=\"elementor-element elementor-element-758173a elementor-widget elementor-widget-text-editor\" data-id=\"758173a\" data-element_type=\"widget\" data-widget_type=\"text-editor.default\">\n\t\t\t\t<div class=\"elementor-widget-container\">\n\t\t\t<style>\/*! elementor - v3.16.0 - 20-09-2023 *\/\n.elementor-widget-text-editor.elementor-drop-cap-view-stacked .elementor-drop-cap{background-color:#69727d;color:#fff}.elementor-widget-text-editor.elementor-drop-cap-view-framed .elementor-drop-cap{color:#69727d;border:3px solid;background-color:transparent}.elementor-widget-text-editor:not(.elementor-drop-cap-view-default) .elementor-drop-cap{margin-top:8px}.elementor-widget-text-editor:not(.elementor-drop-cap-view-default) .elementor-drop-cap-letter{width:1em;height:1em}.elementor-widget-text-editor .elementor-drop-cap{float:left;text-align:center;line-height:1;font-size:50px}.elementor-widget-text-editor .elementor-drop-cap-letter{display:inline-block}<\/style>\t\t\t\t<p>Campcation Rewards er et lojalitetsprogram for Campcation\u00ae (&laquo;Programmet&raquo;). For hver natt du bestiller og via Campcation vil du motta et stempel (&laquo;Stamp&raquo;). N\u00e5r du har samlet 10 frimerker hos oss, gir vi deg 1 bonusnatt som du kan l\u00f8se inn (&laquo;Bonusnatt&raquo;). Denne bonusnatten inkluderer ikke skatter og avgifter. Du m\u00e5 betale disse n\u00e5r du l\u00f8ser inn bonusnatten din. Alle bestillinger m\u00e5 gj\u00f8res online eller via v\u00e5r mobilapp.<\/p>\n<p>Programmet er \u00e5pent for alle over 18 \u00e5r (eller landets lovlige alder) som registrerer seg p\u00e5 Campcation med en gyldig e-postadresse og deretter blir med i programmet. Bedrifter, foreninger eller andre grupper kan ikke registrere seg.<\/p>\n<p><strong>SAMLE STEMPLER<\/strong><\/p>\n<p>Du vil samle et stempel for hver natt du bor p\u00e5 en eiendom som deltar i Campcation Rewards. Samler du ti frimerker f\u00e5r du en bonusnatt. Du m\u00e5 v\u00e6re logget inn p\u00e5 Campcation-kontoen din n\u00e5r du bestiller online, og via mobilappen v\u00e5r, slik at vi kan legge til stemplene du samler p\u00e5 kontoen din etter oppholdet. Bare Campcation-medlemmer kan samle frimerker. Andre gjester p\u00e5 samme bestilling kan ikke samle frimerker, og du kan ikke samle frimerker for overnattingsbestillinger du gjorde f\u00f8r du ble med i programmet.<\/p>\n<p>Vi legger til alle frimerker du samler inn p\u00e5 kontoen din opptil 72 timer etter at du har sjekket ut av Campcation Rewards-innkvarteringen. Du kan n\u00e5r som helst se hvor mange frimerker du har samlet p\u00e5 kontoen din. Bare logg inn p\u00e5 Campcation, bruk mobilappen v\u00e5r eller ring v\u00e5r kundeservice.<\/p>\n<p><strong>L\u00d8S INN BONUSNETTENE DINE<\/strong><\/p>\n<p>N\u00e5r du har samlet ti frimerker, vil vi gi deg en bonusnatt du kan l\u00f8se inn p\u00e5 en hvilken som helst deltakende Campcation Rewards-innkvartering. Du kan l\u00f8se inn bonusnatten din online og i mobilappen v\u00e5r.<\/p>\n<p>Den maksimale verdien av din bonusnatt er basert p\u00e5 verdien av de ti frimerkene du har samlet. Denne verdien tilsvarer gjennomsnittsprisen per natt, eksklusive skatter og avgifter, for frimerkene du tidligere har samlet. Du m\u00e5 betale for skatter, avgifter, m\u00e5ltider og andre kostnader forbundet med bonusnatten din.<\/p>\n<p><strong>ENDRINGER I KAMPASJONSBEL\u00d8NNINGER, UTL\u00d8P AV STEMPE OG PROGRAMMETS AVSLUTNING<\/strong><\/p>\n<p>Frimerkene dine er gyldige i 12 m\u00e5neder fra datoen de er mottatt. Vi kan endre v\u00e5re vilk\u00e5r og betingelser n\u00e5r som helst, med eller uten varsel. Campcation Rewards har ingen sluttdato og vil fortsette til vi avslutter den, noe som kan skje n\u00e5r som helst.<\/p>\n<p><strong>GENERELT OM KAMPASJONSBEL\u00d8NNING<\/strong><\/p>\n<p>Vi forbeholder oss retten til \u00e5 avslutte medlemskapet ditt hvis du handler uredelig eller bruker programmet p\u00e5 en m\u00e5te som ikke er i samsvar med v\u00e5re vilk\u00e5r og betingelser. Du kan ikke selge eller overf\u00f8re frimerkene dine eller kombinere dem med andre medlemmers frimerker.<\/p>\n<p>Campcation Rewards-programmet og Campcation Rewards vilk\u00e5r og betingelser styres av lovene som er angitt i vilk\u00e5rene for bruk.<\/p>\n<p>Programmet er ugyldig der det er forbudt ved lov. V\u00e5r beslutning om alle sp\u00f8rsm\u00e5l eller tvister ang\u00e5ende programmet er endelig.<\/p>\n\t\t\t\t\t\t<\/div>\n\t\t\t\t<\/div>\n\t\t\t\t\t<\/div>\n\t\t\t\t<\/div>\n\t\t<div class=\"elementor-element elementor-element-050fb57 e-flex e-con-boxed e-con e-parent\" data-id=\"050fb57\" data-element_type=\"container\" data-settings=\"{&quot;content_width&quot;:&quot;boxed&quot;}\" data-core-v316-plus=\"true\">\n\t\t\t\t\t<div class=\"e-con-inner\">\n\t\t\t\t\t<\/div>\n\t\t\t\t<\/div>\n\t\t\t\t\t\t\t<\/div>\n\t\t","protected":false},"excerpt":{"rendered":"<p>Sist oppdatert 2023-10-11 Campcation Rewards er et lojalitetsprogram for Campcation\u00ae (&laquo;Programmet&raquo;). For hver natt du bestiller og via Campcation vil du motta [&hellip;]<\/p>\n","protected":false},"author":1,"featured_media":0,"parent":0,"menu_order":0,"comment_status":"closed","ping_status":"closed","template":"","meta":{"footnotes":""},"yoast_head":"<!-- This site is optimized with the Yoast SEO plugin v21.4 - https:\/\/yoast.com\/wordpress\/plugins\/seo\/ -->\n<title>Vilk\u00e5r og betingelser for Campcation Rewards - Campcation Rewards<\/title>\n<meta name=\"robots\" content=\"index, follow, max-snippet:-1, max-image-preview:large, max-video-preview:-1\" \/>\n<link rel=\"canonical\" href=\"https:\/\/rewards.campcation.com\/no\/vilkar-og-betingelser-for-campcation-rewards\/\" \/>\n<meta property=\"og:locale\" content=\"nb_NO\" \/>\n<meta property=\"og:type\" content=\"article\" \/>\n<meta property=\"og:title\" content=\"Vilk\u00e5r og betingelser for Campcation Rewards - Campcation Rewards\" \/>\n<meta property=\"og:description\" content=\"Sist oppdatert 2023-10-11 Campcation Rewards er et lojalitetsprogram for Campcation\u00ae (&laquo;Programmet&raquo;). For hver natt du bestiller og via Campcation vil du motta [&hellip;]\" \/>\n<meta property=\"og:url\" content=\"https:\/\/rewards.campcation.com\/no\/vilkar-og-betingelser-for-campcation-rewards\/\" \/>\n<meta property=\"og:site_name\" content=\"Campcation Rewards\" \/>\n<meta property=\"article:modified_time\" content=\"2023-10-17T08:23:23+00:00\" \/>\n<meta name=\"twitter:card\" content=\"summary_large_image\" \/>\n<meta name=\"twitter:label1\" content=\"Ansl. lesetid\" \/>\n\t<meta name=\"twitter:data1\" content=\"3 minutter\" \/>\n<script type=\"application\/ld+json\" class=\"yoast-schema-graph\">{\"@context\":\"https:\/\/schema.org\",\"@graph\":[{\"@type\":\"WebPage\",\"@id\":\"https:\/\/rewards.campcation.com\/no\/vilkar-og-betingelser-for-campcation-rewards\/\",\"url\":\"https:\/\/rewards.campcation.com\/no\/vilkar-og-betingelser-for-campcation-rewards\/\",\"name\":\"Vilk\u00e5r og betingelser for Campcation Rewards - Campcation Rewards\",\"isPartOf\":{\"@id\":\"https:\/\/3.126.201.198\/#website\"},\"datePublished\":\"2023-10-11T13:31:29+00:00\",\"dateModified\":\"2023-10-17T08:23:23+00:00\",\"breadcrumb\":{\"@id\":\"https:\/\/rewards.campcation.com\/no\/vilkar-og-betingelser-for-campcation-rewards\/#breadcrumb\"},\"inLanguage\":\"nb-NO\",\"potentialAction\":[{\"@type\":\"ReadAction\",\"target\":[\"https:\/\/rewards.campcation.com\/no\/vilkar-og-betingelser-for-campcation-rewards\/\"]}]},{\"@type\":\"BreadcrumbList\",\"@id\":\"https:\/\/rewards.campcation.com\/no\/vilkar-og-betingelser-for-campcation-rewards\/#breadcrumb\",\"itemListElement\":[{\"@type\":\"ListItem\",\"position\":1,\"name\":\"Home\",\"item\":\"https:\/\/rewards.campcation.com\/no\/\"},{\"@type\":\"ListItem\",\"position\":2,\"name\":\"Vilk\u00e5r og betingelser for Campcation Rewards\"}]},{\"@type\":\"WebSite\",\"@id\":\"https:\/\/3.126.201.198\/#website\",\"url\":\"https:\/\/3.126.201.198\/\",\"name\":\"Campcation Rewards\",\"description\":\"Nordens ledande lojalitetsprogram f\u00f6r camping\",\"publisher\":{\"@id\":\"https:\/\/3.126.201.198\/#organization\"},\"potentialAction\":[{\"@type\":\"SearchAction\",\"target\":{\"@type\":\"EntryPoint\",\"urlTemplate\":\"https:\/\/3.126.201.198\/?s={search_term_string}\"},\"query-input\":\"required name=search_term_string\"}],\"inLanguage\":\"nb-NO\"},{\"@type\":\"Organization\",\"@id\":\"https:\/\/3.126.201.198\/#organization\",\"name\":\"Campcation Rewards\",\"url\":\"https:\/\/3.126.201.198\/\",\"logo\":{\"@type\":\"ImageObject\",\"inLanguage\":\"nb-NO\",\"@id\":\"https:\/\/3.126.201.198\/#\/schema\/logo\/image\/\",\"url\":\"https:\/\/rewards.campcation.com\/wp-content\/uploads\/2023\/09\/Campcation_Horizontal_hogupplost.png\",\"contentUrl\":\"https:\/\/rewards.campcation.com\/wp-content\/uploads\/2023\/09\/Campcation_Horizontal_hogupplost.png\",\"width\":2644,\"height\":475,\"caption\":\"Campcation Rewards\"},\"image\":{\"@id\":\"https:\/\/3.126.201.198\/#\/schema\/logo\/image\/\"}}]}<\/script>\n<!-- \/ Yoast SEO plugin. -->","yoast_head_json":{"title":"Vilk\u00e5r og betingelser for Campcation Rewards - Campcation Rewards","robots":{"index":"index","follow":"follow","max-snippet":"max-snippet:-1","max-image-preview":"max-image-preview:large","max-video-preview":"max-video-preview:-1"},"canonical":"https:\/\/rewards.campcation.com\/no\/vilkar-og-betingelser-for-campcation-rewards\/","og_locale":"nb_NO","og_type":"article","og_title":"Vilk\u00e5r og betingelser for Campcation Rewards - Campcation Rewards","og_description":"Sist oppdatert 2023-10-11 Campcation Rewards er et lojalitetsprogram for Campcation\u00ae (&laquo;Programmet&raquo;). For hver natt du bestiller og via Campcation vil du motta [&hellip;]","og_url":"https:\/\/rewards.campcation.com\/no\/vilkar-og-betingelser-for-campcation-rewards\/","og_site_name":"Campcation Rewards","article_modified_time":"2023-10-17T08:23:23+00:00","twitter_card":"summary_large_image","twitter_misc":{"Ansl. lesetid":"3 minutter"},"schema":{"@context":"https:\/\/schema.org","@graph":[{"@type":"WebPage","@id":"https:\/\/rewards.campcation.com\/no\/vilkar-og-betingelser-for-campcation-rewards\/","url":"https:\/\/rewards.campcation.com\/no\/vilkar-og-betingelser-for-campcation-rewards\/","name":"Vilk\u00e5r og betingelser for Campcation Rewards - Campcation Rewards","isPartOf":{"@id":"https:\/\/3.126.201.198\/#website"},"datePublished":"2023-10-11T13:31:29+00:00","dateModified":"2023-10-17T08:23:23+00:00","breadcrumb":{"@id":"https:\/\/rewards.campcation.com\/no\/vilkar-og-betingelser-for-campcation-rewards\/#breadcrumb"},"inLanguage":"nb-NO","potentialAction":[{"@type":"ReadAction","target":["https:\/\/rewards.campcation.com\/no\/vilkar-og-betingelser-for-campcation-rewards\/"]}]},{"@type":"BreadcrumbList","@id":"https:\/\/rewards.campcation.com\/no\/vilkar-og-betingelser-for-campcation-rewards\/#breadcrumb","itemListElement":[{"@type":"ListItem","position":1,"name":"Home","item":"https:\/\/rewards.campcation.com\/no\/"},{"@type":"ListItem","position":2,"name":"Vilk\u00e5r og betingelser for Campcation Rewards"}]},{"@type":"WebSite","@id":"https:\/\/3.126.201.198\/#website","url":"https:\/\/3.126.201.198\/","name":"Campcation Rewards","description":"Nordens ledande lojalitetsprogram f\u00f6r camping","publisher":{"@id":"https:\/\/3.126.201.198\/#organization"},"potentialAction":[{"@type":"SearchAction","target":{"@type":"EntryPoint","urlTemplate":"https:\/\/3.126.201.198\/?s={search_term_string}"},"query-input":"required name=search_term_string"}],"inLanguage":"nb-NO"},{"@type":"Organization","@id":"https:\/\/3.126.201.198\/#organization","name":"Campcation Rewards","url":"https:\/\/3.126.201.198\/","logo":{"@type":"ImageObject","inLanguage":"nb-NO","@id":"https:\/\/3.126.201.198\/#\/schema\/logo\/image\/","url":"https:\/\/rewards.campcation.com\/wp-content\/uploads\/2023\/09\/Campcation_Horizontal_hogupplost.png","contentUrl":"https:\/\/rewards.campcation.com\/wp-content\/uploads\/2023\/09\/Campcation_Horizontal_hogupplost.png","width":2644,"height":475,"caption":"Campcation Rewards"},"image":{"@id":"https:\/\/3.126.201.198\/#\/schema\/logo\/image\/"}}]}},"_links":{"self":[{"href":"https:\/\/rewards.campcation.com\/no\/wp-json\/wp\/v2\/pages\/346"}],"collection":[{"href":"https:\/\/rewards.campcation.com\/no\/wp-json\/wp\/v2\/pages"}],"about":[{"href":"https:\/\/rewards.campcation.com\/no\/wp-json\/wp\/v2\/types\/page"}],"author":[{"embeddable":true,"href":"https:\/\/rewards.campcation.com\/no\/wp-json\/wp\/v2\/users\/1"}],"replies":[{"embeddable":true,"href":"https:\/\/rewards.campcation.com\/no\/wp-json\/wp\/v2\/comments?post=346"}],"version-history":[{"count":2,"href":"https:\/\/rewards.campcation.com\/no\/wp-json\/wp\/v2\/pages\/346\/revisions"}],"predecessor-version":[{"id":437,"href":"https:\/\/rewards.campcation.com\/no\/wp-json\/wp\/v2\/pages\/346\/revisions\/437"}],"wp:attachment":[{"href":"https:\/\/rewards.campcation.com\/no\/wp-json\/wp\/v2\/media?parent=346"}],"curies":[{"name":"wp","href":"https:\/\/api.w.org\/{rel}","templated":true}]}}