{"id":348,"date":"2023-10-11T15:31:29","date_gmt":"2023-10-11T13:31:29","guid":{"rendered":"https:\/\/rewards.campcation.com\/campcation-rewardsin-ehdot-ja-edellytykset\/"},"modified":"2023-10-17T10:22:59","modified_gmt":"2023-10-17T08:22:59","slug":"campcation-rewardsin-ehdot-ja-edellytykset","status":"publish","type":"page","link":"https:\/\/rewards.campcation.com\/fi\/campcation-rewardsin-ehdot-ja-edellytykset\/","title":{"rendered":"Campcation Rewardsin ehdot ja edellytykset"},"content":{"rendered":"\t\t<div data-elementor-type=\"wp-page\" data-elementor-id=\"348\" class=\"elementor elementor-348 elementor-174\">\n\t\t\t\t\t\t\t<div class=\"elementor-element elementor-element-90d2ba4 e-flex e-con-boxed e-con e-parent\" data-id=\"90d2ba4\" data-element_type=\"container\" data-settings=\"{&quot;background_background&quot;:&quot;classic&quot;,&quot;content_width&quot;:&quot;boxed&quot;}\" data-core-v316-plus=\"true\">\n\t\t\t\t\t<div class=\"e-con-inner\">\n\t\t\t\t<div class=\"elementor-element elementor-element-5bbfc64 elementor-widget elementor-widget-heading\" data-id=\"5bbfc64\" data-element_type=\"widget\" data-widget_type=\"heading.default\">\n\t\t\t\t<div class=\"elementor-widget-container\">\n\t\t\t<style>\/*! elementor - v3.16.0 - 20-09-2023 *\/\n.elementor-heading-title{padding:0;margin:0;line-height:1}.elementor-widget-heading .elementor-heading-title[class*=elementor-size-]>a{color:inherit;font-size:inherit;line-height:inherit}.elementor-widget-heading .elementor-heading-title.elementor-size-small{font-size:15px}.elementor-widget-heading .elementor-heading-title.elementor-size-medium{font-size:19px}.elementor-widget-heading .elementor-heading-title.elementor-size-large{font-size:29px}.elementor-widget-heading .elementor-heading-title.elementor-size-xl{font-size:39px}.elementor-widget-heading .elementor-heading-title.elementor-size-xxl{font-size:59px}<\/style><span class=\"elementor-heading-title elementor-size-default\">Viimeksi p\u00e4ivitetty 2023-10-11  <\/span>\t\t<\/div>\n\t\t\t\t<\/div>\n\t\t\t\t<div class=\"elementor-element elementor-element-758173a elementor-widget elementor-widget-text-editor\" data-id=\"758173a\" data-element_type=\"widget\" data-widget_type=\"text-editor.default\">\n\t\t\t\t<div class=\"elementor-widget-container\">\n\t\t\t<style>\/*! elementor - v3.16.0 - 20-09-2023 *\/\n.elementor-widget-text-editor.elementor-drop-cap-view-stacked .elementor-drop-cap{background-color:#69727d;color:#fff}.elementor-widget-text-editor.elementor-drop-cap-view-framed .elementor-drop-cap{color:#69727d;border:3px solid;background-color:transparent}.elementor-widget-text-editor:not(.elementor-drop-cap-view-default) .elementor-drop-cap{margin-top:8px}.elementor-widget-text-editor:not(.elementor-drop-cap-view-default) .elementor-drop-cap-letter{width:1em;height:1em}.elementor-widget-text-editor .elementor-drop-cap{float:left;text-align:center;line-height:1;font-size:50px}.elementor-widget-text-editor .elementor-drop-cap-letter{display:inline-block}<\/style>\t\t\t\t<p>Campcation Rewards on Campcation\u00ae:n kanta-asiakasohjelma (&#8221;ohjelma&#8221;). Saat leiman (&#8221;Leima&#8221;) jokaisesta Campcationin kautta varaamastasi y\u00f6st\u00e4. Kun ker\u00e4\u00e4t kanssamme 10 postimerkki\u00e4, saat 1 bonusy\u00f6n lunastettavaksi (&#8221;Bonusy\u00f6&#8221;). T\u00e4m\u00e4 bonusy\u00f6 ei sis\u00e4ll\u00e4 veroja ja maksuja. Sinun on maksettava n\u00e4m\u00e4, kun lunastat bonusy\u00f6n. Kaikki varaukset on teht\u00e4v\u00e4 verkossa tai mobiilisovelluksemme kautta.<\/p>\n<p>Ohjelmaan voivat osallistua kaikki yli 18-vuotiaat (tai oman maasi t\u00e4ysi-ik\u00e4iset), jotka rekister\u00f6ityv\u00e4t Campcationiin voimassa olevalla s\u00e4hk\u00f6postiosoitteella ja liittyv\u00e4t ohjelmaan. Yritykset, yhdistykset tai muut ryhm\u00e4t eiv\u00e4t saa rekister\u00f6ity\u00e4.<\/p>\n<p><strong>N\u00c4YTTEIDEN KER\u00c4\u00c4MINEN<\/strong><\/p>\n<p>Ansaitset leiman jokaisesta y\u00f6st\u00e4, jonka viet\u00e4t Campcation Rewards -ohjelmaan osallistuvassa majoitusliikkeess\u00e4. Jos ker\u00e4\u00e4t kymmenen postimerkki\u00e4, saat bonusy\u00f6n. Sinun on oltava kirjautuneena Campcation-tilillesi, kun teet varauksen verkossa ja mobiilisovelluksemme kautta, jotta voimme lis\u00e4t\u00e4 ker\u00e4\u00e4m\u00e4si leimat tilillesi oleskelusi j\u00e4lkeen. Vain Campcationin j\u00e4senet voivat ker\u00e4t\u00e4 leimoja. Muut samaan varaukseen osallistuvat vieraat eiv\u00e4t voi ker\u00e4t\u00e4 leimoja, etk\u00e4 voi ker\u00e4t\u00e4 leimoja majoitusvarauksista, jotka olet tehnyt ennen ohjelmaan liittymist\u00e4si.<\/p>\n<p>Lis\u00e4\u00e4mme ker\u00e4\u00e4m\u00e4si postimerkit tilillesi 72 tunnin kuluessa siit\u00e4, kun olet kirjautunut ulos Campcation Rewards -majoituksesta. Voit milloin tahansa n\u00e4hd\u00e4, kuinka monta postimerkki\u00e4 sinulle on kertynyt tilillesi. Kirjaudu vain sis\u00e4\u00e4n Campcationiin, k\u00e4yt\u00e4 mobiilisovellustamme tai soita asiakaspalveluumme.<\/p>\n<p><strong>LUNASTA BONUSY\u00d6T<\/strong><\/p>\n<p>Kun olet ker\u00e4nnyt 10 leimaa, saat bonusy\u00f6n, jonka voit lunastaa miss\u00e4 tahansa Campcation Rewards -ohjelmaan kuuluvassa majoituspaikassa. Voit lunastaa bonusy\u00f6n verkossa ja mobiilisovelluksessamme.<\/p>\n<p>Bonusy\u00f6n enimm\u00e4isarvo perustuu ker\u00e4\u00e4m\u00e4si kymmenen postimerkin arvoon. T\u00e4m\u00e4 arvo edustaa aiemmin ker\u00e4\u00e4miesi leimojen keskim\u00e4\u00e4r\u00e4ist\u00e4 y\u00f6hintaa ilman veroja ja maksuja. Sinun on maksettava verot, maksut, ateriat ja kaikki muut bonusy\u00f6si kulut.<\/p>\n<p><strong>LEIRIPALKKIOIDEN MUUTOKSET, LEIMOJEN VOIMASSAOLO JA OHJELMAN P\u00c4\u00c4TTYMINEN.<\/strong><\/p>\n<p>Postimerkit ovat voimassa 12 kuukautta niiden vastaanottamisp\u00e4iv\u00e4st\u00e4. Voimme muuttaa k\u00e4ytt\u00f6ehtojamme milloin tahansa, joko ennakkoilmoituksella tai ilman ennakkoilmoitusta. Campcation Rewards ei ole p\u00e4\u00e4ttynyt, ja se jatkuu, kunnes me lopetamme sen, mik\u00e4 voi tapahtua milloin tahansa.<\/p>\n<p><strong>YLEIST\u00c4 LEIRINT\u00c4ALUEPALKKIOISTA<\/strong><\/p>\n<p>Pid\u00e4t\u00e4mme oikeuden irtisanoa j\u00e4senyytesi, jos k\u00e4ytt\u00e4ydyt vilpillisesti tai k\u00e4yt\u00e4t ohjelmaa tavalla, joka ei ole ehtojemme mukainen. Et saa myyd\u00e4 tai siirt\u00e4\u00e4 leimojasi tai yhdist\u00e4\u00e4 niit\u00e4 muiden j\u00e4senten leimoihin.<\/p>\n<p>Campcation Rewards -ohjelmaan ja Campcation Rewardsin s\u00e4\u00e4nt\u00f6ihin ja ehtoihin sovelletaan k\u00e4ytt\u00f6ehdoissa esitettyj\u00e4 lakeja.<\/p>\n<p>Ohjelma ei ole voimassa siell\u00e4, miss\u00e4 se on lailla kielletty. P\u00e4\u00e4t\u00f6ksemme kaikista ohjelmaa koskevista kysymyksist\u00e4 tai ristiriidoista on lopullinen.<\/p>\n\t\t\t\t\t\t<\/div>\n\t\t\t\t<\/div>\n\t\t\t\t\t<\/div>\n\t\t\t\t<\/div>\n\t\t<div class=\"elementor-element elementor-element-050fb57 e-flex e-con-boxed e-con e-parent\" data-id=\"050fb57\" data-element_type=\"container\" data-settings=\"{&quot;content_width&quot;:&quot;boxed&quot;}\" data-core-v316-plus=\"true\">\n\t\t\t\t\t<div class=\"e-con-inner\">\n\t\t\t\t\t<\/div>\n\t\t\t\t<\/div>\n\t\t\t\t\t\t\t<\/div>\n\t\t","protected":false},"excerpt":{"rendered":"<p>Viimeksi p\u00e4ivitetty 2023-10-11 Campcation Rewards on Campcation\u00ae:n kanta-asiakasohjelma (&#8221;ohjelma&#8221;). Saat leiman (&#8221;Leima&#8221;) jokaisesta Campcationin kautta varaamastasi y\u00f6st\u00e4. Kun ker\u00e4\u00e4t kanssamme 10 postimerkki\u00e4, [&hellip;]<\/p>\n","protected":false},"author":1,"featured_media":0,"parent":0,"menu_order":0,"comment_status":"closed","ping_status":"closed","template":"","meta":{"footnotes":""},"yoast_head":"<!-- This site is optimized with the Yoast SEO plugin v21.4 - https:\/\/yoast.com\/wordpress\/plugins\/seo\/ -->\n<title>Campcation Rewardsin ehdot ja edellytykset - Campcation Rewards<\/title>\n<meta name=\"robots\" content=\"index, follow, max-snippet:-1, max-image-preview:large, max-video-preview:-1\" \/>\n<link rel=\"canonical\" href=\"https:\/\/rewards.campcation.com\/fi\/campcation-rewardsin-ehdot-ja-edellytykset\/\" \/>\n<meta property=\"og:locale\" content=\"fi_FI\" \/>\n<meta property=\"og:type\" content=\"article\" \/>\n<meta property=\"og:title\" content=\"Campcation Rewardsin ehdot ja edellytykset - Campcation Rewards\" \/>\n<meta property=\"og:description\" content=\"Viimeksi p\u00e4ivitetty 2023-10-11 Campcation Rewards on Campcation\u00ae:n kanta-asiakasohjelma (&#8221;ohjelma&#8221;). Saat leiman (&#8221;Leima&#8221;) jokaisesta Campcationin kautta varaamastasi y\u00f6st\u00e4. Kun ker\u00e4\u00e4t kanssamme 10 postimerkki\u00e4, [&hellip;]\" \/>\n<meta property=\"og:url\" content=\"https:\/\/rewards.campcation.com\/fi\/campcation-rewardsin-ehdot-ja-edellytykset\/\" \/>\n<meta property=\"og:site_name\" content=\"Campcation Rewards\" \/>\n<meta property=\"article:modified_time\" content=\"2023-10-17T08:22:59+00:00\" \/>\n<meta name=\"twitter:card\" content=\"summary_large_image\" \/>\n<meta name=\"twitter:label1\" content=\"Arvioitu lukuaika\" \/>\n\t<meta name=\"twitter:data1\" content=\"2 minuuttia\" \/>\n<script type=\"application\/ld+json\" class=\"yoast-schema-graph\">{\"@context\":\"https:\/\/schema.org\",\"@graph\":[{\"@type\":\"WebPage\",\"@id\":\"https:\/\/rewards.campcation.com\/fi\/campcation-rewardsin-ehdot-ja-edellytykset\/\",\"url\":\"https:\/\/rewards.campcation.com\/fi\/campcation-rewardsin-ehdot-ja-edellytykset\/\",\"name\":\"Campcation Rewardsin ehdot ja edellytykset - Campcation Rewards\",\"isPartOf\":{\"@id\":\"https:\/\/rewards.campcation.com\/fi\/#website\"},\"datePublished\":\"2023-10-11T13:31:29+00:00\",\"dateModified\":\"2023-10-17T08:22:59+00:00\",\"breadcrumb\":{\"@id\":\"https:\/\/rewards.campcation.com\/fi\/campcation-rewardsin-ehdot-ja-edellytykset\/#breadcrumb\"},\"inLanguage\":\"fi\",\"potentialAction\":[{\"@type\":\"ReadAction\",\"target\":[\"https:\/\/rewards.campcation.com\/fi\/campcation-rewardsin-ehdot-ja-edellytykset\/\"]}]},{\"@type\":\"BreadcrumbList\",\"@id\":\"https:\/\/rewards.campcation.com\/fi\/campcation-rewardsin-ehdot-ja-edellytykset\/#breadcrumb\",\"itemListElement\":[{\"@type\":\"ListItem\",\"position\":1,\"name\":\"Home\",\"item\":\"https:\/\/rewards.campcation.com\/fi\/\"},{\"@type\":\"ListItem\",\"position\":2,\"name\":\"Campcation Rewardsin ehdot ja edellytykset\"}]},{\"@type\":\"WebSite\",\"@id\":\"https:\/\/rewards.campcation.com\/fi\/#website\",\"url\":\"https:\/\/rewards.campcation.com\/fi\/\",\"name\":\"Campcation Rewards\",\"description\":\"Nordens ledande lojalitetsprogram f\u00f6r camping\",\"publisher\":{\"@id\":\"https:\/\/rewards.campcation.com\/fi\/#organization\"},\"potentialAction\":[{\"@type\":\"SearchAction\",\"target\":{\"@type\":\"EntryPoint\",\"urlTemplate\":\"https:\/\/rewards.campcation.com\/fi\/?s={search_term_string}\"},\"query-input\":\"required name=search_term_string\"}],\"inLanguage\":\"fi\"},{\"@type\":\"Organization\",\"@id\":\"https:\/\/rewards.campcation.com\/fi\/#organization\",\"name\":\"Campcation Rewards\",\"url\":\"https:\/\/rewards.campcation.com\/fi\/\",\"logo\":{\"@type\":\"ImageObject\",\"inLanguage\":\"fi\",\"@id\":\"https:\/\/rewards.campcation.com\/fi\/#\/schema\/logo\/image\/\",\"url\":\"https:\/\/rewards.campcation.com\/wp-content\/uploads\/2023\/09\/Campcation_Horizontal_hogupplost.png\",\"contentUrl\":\"https:\/\/rewards.campcation.com\/wp-content\/uploads\/2023\/09\/Campcation_Horizontal_hogupplost.png\",\"width\":2644,\"height\":475,\"caption\":\"Campcation Rewards\"},\"image\":{\"@id\":\"https:\/\/rewards.campcation.com\/fi\/#\/schema\/logo\/image\/\"}}]}<\/script>\n<!-- \/ Yoast SEO plugin. -->","yoast_head_json":{"title":"Campcation Rewardsin ehdot ja edellytykset - Campcation Rewards","robots":{"index":"index","follow":"follow","max-snippet":"max-snippet:-1","max-image-preview":"max-image-preview:large","max-video-preview":"max-video-preview:-1"},"canonical":"https:\/\/rewards.campcation.com\/fi\/campcation-rewardsin-ehdot-ja-edellytykset\/","og_locale":"fi_FI","og_type":"article","og_title":"Campcation Rewardsin ehdot ja edellytykset - Campcation Rewards","og_description":"Viimeksi p\u00e4ivitetty 2023-10-11 Campcation Rewards on Campcation\u00ae:n kanta-asiakasohjelma (&#8221;ohjelma&#8221;). Saat leiman (&#8221;Leima&#8221;) jokaisesta Campcationin kautta varaamastasi y\u00f6st\u00e4. Kun ker\u00e4\u00e4t kanssamme 10 postimerkki\u00e4, [&hellip;]","og_url":"https:\/\/rewards.campcation.com\/fi\/campcation-rewardsin-ehdot-ja-edellytykset\/","og_site_name":"Campcation Rewards","article_modified_time":"2023-10-17T08:22:59+00:00","twitter_card":"summary_large_image","twitter_misc":{"Arvioitu lukuaika":"2 minuuttia"},"schema":{"@context":"https:\/\/schema.org","@graph":[{"@type":"WebPage","@id":"https:\/\/rewards.campcation.com\/fi\/campcation-rewardsin-ehdot-ja-edellytykset\/","url":"https:\/\/rewards.campcation.com\/fi\/campcation-rewardsin-ehdot-ja-edellytykset\/","name":"Campcation Rewardsin ehdot ja edellytykset - Campcation Rewards","isPartOf":{"@id":"https:\/\/rewards.campcation.com\/fi\/#website"},"datePublished":"2023-10-11T13:31:29+00:00","dateModified":"2023-10-17T08:22:59+00:00","breadcrumb":{"@id":"https:\/\/rewards.campcation.com\/fi\/campcation-rewardsin-ehdot-ja-edellytykset\/#breadcrumb"},"inLanguage":"fi","potentialAction":[{"@type":"ReadAction","target":["https:\/\/rewards.campcation.com\/fi\/campcation-rewardsin-ehdot-ja-edellytykset\/"]}]},{"@type":"BreadcrumbList","@id":"https:\/\/rewards.campcation.com\/fi\/campcation-rewardsin-ehdot-ja-edellytykset\/#breadcrumb","itemListElement":[{"@type":"ListItem","position":1,"name":"Home","item":"https:\/\/rewards.campcation.com\/fi\/"},{"@type":"ListItem","position":2,"name":"Campcation Rewardsin ehdot ja edellytykset"}]},{"@type":"WebSite","@id":"https:\/\/rewards.campcation.com\/fi\/#website","url":"https:\/\/rewards.campcation.com\/fi\/","name":"Campcation Rewards","description":"Nordens ledande lojalitetsprogram f\u00f6r camping","publisher":{"@id":"https:\/\/rewards.campcation.com\/fi\/#organization"},"potentialAction":[{"@type":"SearchAction","target":{"@type":"EntryPoint","urlTemplate":"https:\/\/rewards.campcation.com\/fi\/?s={search_term_string}"},"query-input":"required name=search_term_string"}],"inLanguage":"fi"},{"@type":"Organization","@id":"https:\/\/rewards.campcation.com\/fi\/#organization","name":"Campcation Rewards","url":"https:\/\/rewards.campcation.com\/fi\/","logo":{"@type":"ImageObject","inLanguage":"fi","@id":"https:\/\/rewards.campcation.com\/fi\/#\/schema\/logo\/image\/","url":"https:\/\/rewards.campcation.com\/wp-content\/uploads\/2023\/09\/Campcation_Horizontal_hogupplost.png","contentUrl":"https:\/\/rewards.campcation.com\/wp-content\/uploads\/2023\/09\/Campcation_Horizontal_hogupplost.png","width":2644,"height":475,"caption":"Campcation Rewards"},"image":{"@id":"https:\/\/rewards.campcation.com\/fi\/#\/schema\/logo\/image\/"}}]}},"_links":{"self":[{"href":"https:\/\/rewards.campcation.com\/fi\/wp-json\/wp\/v2\/pages\/348"}],"collection":[{"href":"https:\/\/rewards.campcation.com\/fi\/wp-json\/wp\/v2\/pages"}],"about":[{"href":"https:\/\/rewards.campcation.com\/fi\/wp-json\/wp\/v2\/types\/page"}],"author":[{"embeddable":true,"href":"https:\/\/rewards.campcation.com\/fi\/wp-json\/wp\/v2\/users\/1"}],"replies":[{"embeddable":true,"href":"https:\/\/rewards.campcation.com\/fi\/wp-json\/wp\/v2\/comments?post=348"}],"version-history":[{"count":2,"href":"https:\/\/rewards.campcation.com\/fi\/wp-json\/wp\/v2\/pages\/348\/revisions"}],"predecessor-version":[{"id":434,"href":"https:\/\/rewards.campcation.com\/fi\/wp-json\/wp\/v2\/pages\/348\/revisions\/434"}],"wp:attachment":[{"href":"https:\/\/rewards.campcation.com\/fi\/wp-json\/wp\/v2\/media?parent=348"}],"curies":[{"name":"wp","href":"https:\/\/api.w.org\/{rel}","templated":true}]}}