{"id":666,"date":"2023-10-11T15:31:29","date_gmt":"2023-10-11T13:31:29","guid":{"rendered":"https:\/\/rewards.campcation.com\/condiciones-de-las-recompensas-campcation\/"},"modified":"2024-10-04T13:50:47","modified_gmt":"2024-10-04T11:50:47","slug":"condiciones-de-las-recompensas-campcation","status":"publish","type":"page","link":"https:\/\/rewards.campcation.com\/es\/condiciones-de-las-recompensas-campcation\/","title":{"rendered":"Condiciones de las Recompensas Campcation"},"content":{"rendered":"\t\t<div data-elementor-type=\"wp-page\" data-elementor-id=\"666\" class=\"elementor elementor-666 elementor-174\">\n\t\t\t\t\t\t\t<div class=\"elementor-element elementor-element-90d2ba4 e-flex e-con-boxed e-con e-parent\" data-id=\"90d2ba4\" data-element_type=\"container\" data-settings=\"{&quot;background_background&quot;:&quot;classic&quot;,&quot;content_width&quot;:&quot;boxed&quot;}\" data-core-v316-plus=\"true\">\n\t\t\t\t\t<div class=\"e-con-inner\">\n\t\t\t\t<div class=\"elementor-element elementor-element-5bbfc64 elementor-widget elementor-widget-heading\" data-id=\"5bbfc64\" data-element_type=\"widget\" data-widget_type=\"heading.default\">\n\t\t\t\t<div class=\"elementor-widget-container\">\n\t\t\t<style>\/*! elementor - v3.16.0 - 20-09-2023 *\/\n.elementor-heading-title{padding:0;margin:0;line-height:1}.elementor-widget-heading .elementor-heading-title[class*=elementor-size-]>a{color:inherit;font-size:inherit;line-height:inherit}.elementor-widget-heading .elementor-heading-title.elementor-size-small{font-size:15px}.elementor-widget-heading .elementor-heading-title.elementor-size-medium{font-size:19px}.elementor-widget-heading .elementor-heading-title.elementor-size-large{font-size:29px}.elementor-widget-heading .elementor-heading-title.elementor-size-xl{font-size:39px}.elementor-widget-heading .elementor-heading-title.elementor-size-xxl{font-size:59px}<\/style><span class=\"elementor-heading-title elementor-size-default\">\u00daltima actualizaci\u00f3n 2023-10-11  <\/span>\t\t<\/div>\n\t\t\t\t<\/div>\n\t\t\t\t<div class=\"elementor-element elementor-element-758173a elementor-widget elementor-widget-text-editor\" data-id=\"758173a\" data-element_type=\"widget\" data-widget_type=\"text-editor.default\">\n\t\t\t\t<div class=\"elementor-widget-container\">\n\t\t\t<style>\/*! elementor - v3.16.0 - 20-09-2023 *\/\n.elementor-widget-text-editor.elementor-drop-cap-view-stacked .elementor-drop-cap{background-color:#69727d;color:#fff}.elementor-widget-text-editor.elementor-drop-cap-view-framed .elementor-drop-cap{color:#69727d;border:3px solid;background-color:transparent}.elementor-widget-text-editor:not(.elementor-drop-cap-view-default) .elementor-drop-cap{margin-top:8px}.elementor-widget-text-editor:not(.elementor-drop-cap-view-default) .elementor-drop-cap-letter{width:1em;height:1em}.elementor-widget-text-editor .elementor-drop-cap{float:left;text-align:center;line-height:1;font-size:50px}.elementor-widget-text-editor .elementor-drop-cap-letter{display:inline-block}<\/style>\t\t\t\t<p>Campcation Rewards es un programa de fidelizaci\u00f3n de Campcation\u00ae (el \u00abPrograma\u00bb).<br \/>\nPor cada noche que reserves y a trav\u00e9s de Campcation, recibir\u00e1s un sello (\u00abSello\u00bb).<br \/>\nCuando hayas reunido 10 Sellos con nosotros, te daremos 1 noche de bonificaci\u00f3n que podr\u00e1s canjear (\u00abNoche de Bonificaci\u00f3n\u00bb).<br \/>\nEsta Noche de Bonificaci\u00f3n no incluye impuestos ni tasas.<br \/>\nTendr\u00e1s que pagarlos cuando canjees tu Noche de bonificaci\u00f3n.<br \/>\nTodas las reservas deben hacerse por Internet o a trav\u00e9s de nuestra aplicaci\u00f3n m\u00f3vil.     <\/p>\n<p>El Programa est\u00e1 abierto a cualquier persona mayor de 18 a\u00f1os (o la mayor\u00eda de edad en tu pa\u00eds) que se registre en Campcation con una direcci\u00f3n de correo electr\u00f3nico v\u00e1lida y se inscriba en el Programa.<br \/>\nNo se permite la inscripci\u00f3n de empresas, asociaciones u otros grupos. <\/p>\n<p><strong>RECOGIDA DE MUESTRAS<\/strong><\/p>\n<p>Conseguir\u00e1s un Sello por cada noche que pases en un alojamiento que participe en las Recompensas Campcation.<br \/>\nSi consigues diez Sellos, recibir\u00e1s una Noche de Bonificaci\u00f3n.<br \/>\nDebes iniciar sesi\u00f3n en tu cuenta Campcation cuando reserves en l\u00ednea y a trav\u00e9s de nuestra aplicaci\u00f3n m\u00f3vil para que podamos a\u00f1adir los Sellos que consigas a tu cuenta despu\u00e9s de tu estancia.<br \/>\nS\u00f3lo los miembros de Campcation pueden acumular Sellos.<br \/>\nOtros hu\u00e9spedes de la misma reserva no pueden acumular Sellos y no puedes acumular Sellos por reservas de alojamiento que hayas hecho antes de unirte al Programa.    <\/p>\n<p>A\u00f1adiremos los Sellos que acumules a tu cuenta hasta 72 horas despu\u00e9s de que hayas abandonado el alojamiento de Recompensas Campcation.<br \/>\nPuedes ver cu\u00e1ntos Sellos has acumulado en tu cuenta en cualquier momento.<br \/>\nS\u00f3lo tienes que iniciar sesi\u00f3n en Campcation, utilizar nuestra aplicaci\u00f3n m\u00f3vil o llamar a nuestro servicio de atenci\u00f3n al cliente.  <\/p>\n<p><strong>CANJEA TUS NOCHES DE BONIFICACI\u00d3N<\/strong><\/p>\n<p>Una vez que hayas reunido 10 Sellos, te daremos una Noche de bonificaci\u00f3n que podr\u00e1s canjear en cualquier alojamiento participante en el programa Campcation Rewards.<br \/>\nPuedes canjear tu Noche de bonificaci\u00f3n en l\u00ednea y en nuestra aplicaci\u00f3n m\u00f3vil. <\/p>\n<p>El valor m\u00e1ximo de tu Noche de bonificaci\u00f3n se basa en el valor de los 10 Sellos que hayas reunido.<br \/>\nEste valor corresponde al precio medio por noche, impuestos y tasas excluidos, de los Sellos que hayas reunido anteriormente.<br \/>\nTendr\u00e1s que pagar los impuestos, tasas, comidas y cualquier otro coste asociado a tu Noche de Recompensa.  <\/p>\n<p><strong>CAMBIOS EN LAS RECOMPENSAS DE ACAMPADA, PERIODO DE VALIDEZ DE LOS SELLOS Y SI EL PROGRAMA FINALIZA<\/strong><\/p>\n<p>Tus Sellos tienen un periodo de validez de 12 meses a partir de la fecha en que se obtienen.<br \/>\nPodemos cambiar nuestros t\u00e9rminos y condiciones en cualquier momento, con o sin previo aviso.<br \/>\nCampcation Rewards no tiene fecha de finalizaci\u00f3n y continuar\u00e1 hasta que lo demos por terminado, lo que podr\u00eda ocurrir en cualquier momento.  <\/p>\n<p><strong>GENERAL SOBRE LAS RECOMPENSAS DE ACAMPADA<\/strong><\/p>\n<p>Nos reservamos el derecho a cancelar tu afiliaci\u00f3n si te comportas de forma fraudulenta o utilizas el Programa de una forma que no cumpla nuestros t\u00e9rminos y condiciones.<br \/>\nNo puedes vender o transferir tus Sellos ni combinarlos con los Sellos de otros miembros. <\/p>\n<p>El programa Campcation Rewards y las normas y condiciones de Campcation Rewards se rigen por las leyes establecidas en las Condiciones de uso.<\/p>\n<p>El Programa no es v\u00e1lido en los lugares donde est\u00e9 prohibido por la ley.<br \/>\nNuestra decisi\u00f3n sobre cualquier cuesti\u00f3n o disputa relativa al Programa es definitiva. <\/p>\n\t\t\t\t\t\t<\/div>\n\t\t\t\t<\/div>\n\t\t\t\t\t<\/div>\n\t\t\t\t<\/div>\n\t\t<div class=\"elementor-element elementor-element-050fb57 e-flex e-con-boxed e-con e-parent\" data-id=\"050fb57\" data-element_type=\"container\" data-settings=\"{&quot;content_width&quot;:&quot;boxed&quot;}\" data-core-v316-plus=\"true\">\n\t\t\t\t\t<div class=\"e-con-inner\">\n\t\t\t\t\t<\/div>\n\t\t\t\t<\/div>\n\t\t\t\t\t\t\t<\/div>\n\t\t","protected":false},"excerpt":{"rendered":"<p>\u00daltima actualizaci\u00f3n 2023-10-11 Campcation Rewards es un programa de fidelizaci\u00f3n de Campcation\u00ae (el \u00abPrograma\u00bb). Por cada noche que reserves y a trav\u00e9s [&hellip;]<\/p>\n","protected":false},"author":1,"featured_media":0,"parent":0,"menu_order":0,"comment_status":"closed","ping_status":"closed","template":"","meta":{"footnotes":""},"yoast_head":"<!-- This site is optimized with the Yoast SEO plugin v21.4 - https:\/\/yoast.com\/wordpress\/plugins\/seo\/ -->\n<title>Condiciones de las Recompensas Campcation - Campcation Rewards<\/title>\n<meta name=\"robots\" content=\"index, follow, max-snippet:-1, max-image-preview:large, max-video-preview:-1\" \/>\n<link rel=\"canonical\" href=\"https:\/\/rewards.campcation.com\/es\/condiciones-de-las-recompensas-campcation\/\" \/>\n<meta property=\"og:locale\" content=\"es_ES\" \/>\n<meta property=\"og:type\" content=\"article\" \/>\n<meta property=\"og:title\" content=\"Condiciones de las Recompensas Campcation - Campcation Rewards\" \/>\n<meta property=\"og:description\" content=\"\u00daltima actualizaci\u00f3n 2023-10-11 Campcation Rewards es un programa de fidelizaci\u00f3n de Campcation\u00ae (el \u00abPrograma\u00bb). Por cada noche que reserves y a trav\u00e9s [&hellip;]\" \/>\n<meta property=\"og:url\" content=\"https:\/\/rewards.campcation.com\/es\/condiciones-de-las-recompensas-campcation\/\" \/>\n<meta property=\"og:site_name\" content=\"Campcation Rewards\" \/>\n<meta property=\"article:modified_time\" content=\"2024-10-04T11:50:47+00:00\" \/>\n<meta name=\"twitter:card\" content=\"summary_large_image\" \/>\n<meta name=\"twitter:label1\" content=\"Tiempo de lectura\" \/>\n\t<meta name=\"twitter:data1\" content=\"3 minutos\" \/>\n<script type=\"application\/ld+json\" class=\"yoast-schema-graph\">{\"@context\":\"https:\/\/schema.org\",\"@graph\":[{\"@type\":\"WebPage\",\"@id\":\"https:\/\/rewards.campcation.com\/es\/condiciones-de-las-recompensas-campcation\/\",\"url\":\"https:\/\/rewards.campcation.com\/es\/condiciones-de-las-recompensas-campcation\/\",\"name\":\"Condiciones de las Recompensas Campcation - Campcation Rewards\",\"isPartOf\":{\"@id\":\"https:\/\/rewards.campcation.com\/es\/#website\"},\"datePublished\":\"2023-10-11T13:31:29+00:00\",\"dateModified\":\"2024-10-04T11:50:47+00:00\",\"breadcrumb\":{\"@id\":\"https:\/\/rewards.campcation.com\/es\/condiciones-de-las-recompensas-campcation\/#breadcrumb\"},\"inLanguage\":\"es\",\"potentialAction\":[{\"@type\":\"ReadAction\",\"target\":[\"https:\/\/rewards.campcation.com\/es\/condiciones-de-las-recompensas-campcation\/\"]}]},{\"@type\":\"BreadcrumbList\",\"@id\":\"https:\/\/rewards.campcation.com\/es\/condiciones-de-las-recompensas-campcation\/#breadcrumb\",\"itemListElement\":[{\"@type\":\"ListItem\",\"position\":1,\"name\":\"Home\",\"item\":\"https:\/\/rewards.campcation.com\/es\/\"},{\"@type\":\"ListItem\",\"position\":2,\"name\":\"Condiciones de las Recompensas Campcation\"}]},{\"@type\":\"WebSite\",\"@id\":\"https:\/\/rewards.campcation.com\/es\/#website\",\"url\":\"https:\/\/rewards.campcation.com\/es\/\",\"name\":\"Campcation Rewards\",\"description\":\"Nordens ledande lojalitetsprogram f\u00f6r camping\",\"publisher\":{\"@id\":\"https:\/\/rewards.campcation.com\/es\/#organization\"},\"potentialAction\":[{\"@type\":\"SearchAction\",\"target\":{\"@type\":\"EntryPoint\",\"urlTemplate\":\"https:\/\/rewards.campcation.com\/es\/?s={search_term_string}\"},\"query-input\":\"required name=search_term_string\"}],\"inLanguage\":\"es\"},{\"@type\":\"Organization\",\"@id\":\"https:\/\/rewards.campcation.com\/es\/#organization\",\"name\":\"Campcation Rewards\",\"url\":\"https:\/\/rewards.campcation.com\/es\/\",\"logo\":{\"@type\":\"ImageObject\",\"inLanguage\":\"es\",\"@id\":\"https:\/\/rewards.campcation.com\/es\/#\/schema\/logo\/image\/\",\"url\":\"https:\/\/rewards.campcation.com\/wp-content\/uploads\/2023\/09\/Campcation_Horizontal_hogupplost.png\",\"contentUrl\":\"https:\/\/rewards.campcation.com\/wp-content\/uploads\/2023\/09\/Campcation_Horizontal_hogupplost.png\",\"width\":2644,\"height\":475,\"caption\":\"Campcation Rewards\"},\"image\":{\"@id\":\"https:\/\/rewards.campcation.com\/es\/#\/schema\/logo\/image\/\"}}]}<\/script>\n<!-- \/ Yoast SEO plugin. -->","yoast_head_json":{"title":"Condiciones de las Recompensas Campcation - Campcation Rewards","robots":{"index":"index","follow":"follow","max-snippet":"max-snippet:-1","max-image-preview":"max-image-preview:large","max-video-preview":"max-video-preview:-1"},"canonical":"https:\/\/rewards.campcation.com\/es\/condiciones-de-las-recompensas-campcation\/","og_locale":"es_ES","og_type":"article","og_title":"Condiciones de las Recompensas Campcation - Campcation Rewards","og_description":"\u00daltima actualizaci\u00f3n 2023-10-11 Campcation Rewards es un programa de fidelizaci\u00f3n de Campcation\u00ae (el \u00abPrograma\u00bb). Por cada noche que reserves y a trav\u00e9s [&hellip;]","og_url":"https:\/\/rewards.campcation.com\/es\/condiciones-de-las-recompensas-campcation\/","og_site_name":"Campcation Rewards","article_modified_time":"2024-10-04T11:50:47+00:00","twitter_card":"summary_large_image","twitter_misc":{"Tiempo de lectura":"3 minutos"},"schema":{"@context":"https:\/\/schema.org","@graph":[{"@type":"WebPage","@id":"https:\/\/rewards.campcation.com\/es\/condiciones-de-las-recompensas-campcation\/","url":"https:\/\/rewards.campcation.com\/es\/condiciones-de-las-recompensas-campcation\/","name":"Condiciones de las Recompensas Campcation - Campcation Rewards","isPartOf":{"@id":"https:\/\/rewards.campcation.com\/es\/#website"},"datePublished":"2023-10-11T13:31:29+00:00","dateModified":"2024-10-04T11:50:47+00:00","breadcrumb":{"@id":"https:\/\/rewards.campcation.com\/es\/condiciones-de-las-recompensas-campcation\/#breadcrumb"},"inLanguage":"es","potentialAction":[{"@type":"ReadAction","target":["https:\/\/rewards.campcation.com\/es\/condiciones-de-las-recompensas-campcation\/"]}]},{"@type":"BreadcrumbList","@id":"https:\/\/rewards.campcation.com\/es\/condiciones-de-las-recompensas-campcation\/#breadcrumb","itemListElement":[{"@type":"ListItem","position":1,"name":"Home","item":"https:\/\/rewards.campcation.com\/es\/"},{"@type":"ListItem","position":2,"name":"Condiciones de las Recompensas Campcation"}]},{"@type":"WebSite","@id":"https:\/\/rewards.campcation.com\/es\/#website","url":"https:\/\/rewards.campcation.com\/es\/","name":"Campcation Rewards","description":"Nordens ledande lojalitetsprogram f\u00f6r camping","publisher":{"@id":"https:\/\/rewards.campcation.com\/es\/#organization"},"potentialAction":[{"@type":"SearchAction","target":{"@type":"EntryPoint","urlTemplate":"https:\/\/rewards.campcation.com\/es\/?s={search_term_string}"},"query-input":"required name=search_term_string"}],"inLanguage":"es"},{"@type":"Organization","@id":"https:\/\/rewards.campcation.com\/es\/#organization","name":"Campcation Rewards","url":"https:\/\/rewards.campcation.com\/es\/","logo":{"@type":"ImageObject","inLanguage":"es","@id":"https:\/\/rewards.campcation.com\/es\/#\/schema\/logo\/image\/","url":"https:\/\/rewards.campcation.com\/wp-content\/uploads\/2023\/09\/Campcation_Horizontal_hogupplost.png","contentUrl":"https:\/\/rewards.campcation.com\/wp-content\/uploads\/2023\/09\/Campcation_Horizontal_hogupplost.png","width":2644,"height":475,"caption":"Campcation Rewards"},"image":{"@id":"https:\/\/rewards.campcation.com\/es\/#\/schema\/logo\/image\/"}}]}},"_links":{"self":[{"href":"https:\/\/rewards.campcation.com\/es\/wp-json\/wp\/v2\/pages\/666"}],"collection":[{"href":"https:\/\/rewards.campcation.com\/es\/wp-json\/wp\/v2\/pages"}],"about":[{"href":"https:\/\/rewards.campcation.com\/es\/wp-json\/wp\/v2\/types\/page"}],"author":[{"embeddable":true,"href":"https:\/\/rewards.campcation.com\/es\/wp-json\/wp\/v2\/users\/1"}],"replies":[{"embeddable":true,"href":"https:\/\/rewards.campcation.com\/es\/wp-json\/wp\/v2\/comments?post=666"}],"version-history":[{"count":3,"href":"https:\/\/rewards.campcation.com\/es\/wp-json\/wp\/v2\/pages\/666\/revisions"}],"predecessor-version":[{"id":670,"href":"https:\/\/rewards.campcation.com\/es\/wp-json\/wp\/v2\/pages\/666\/revisions\/670"}],"wp:attachment":[{"href":"https:\/\/rewards.campcation.com\/es\/wp-json\/wp\/v2\/media?parent=666"}],"curies":[{"name":"wp","href":"https:\/\/api.w.org\/{rel}","templated":true}]}}