{"id":342,"date":"2023-10-11T15:31:29","date_gmt":"2023-10-11T13:31:29","guid":{"rendered":"https:\/\/rewards.campcation.com\/bedingungen-und-konditionen-fuer-campcation-rewards\/"},"modified":"2023-10-17T10:22:48","modified_gmt":"2023-10-17T08:22:48","slug":"bedingungen-und-konditionen-fuer-campcation-rewards","status":"publish","type":"page","link":"https:\/\/rewards.campcation.com\/de\/bedingungen-und-konditionen-fuer-campcation-rewards\/","title":{"rendered":"Bedingungen und Konditionen f\u00fcr Campcation Rewards"},"content":{"rendered":"\t\t<div data-elementor-type=\"wp-page\" data-elementor-id=\"342\" class=\"elementor elementor-342 elementor-174\">\n\t\t\t\t\t\t\t<div class=\"elementor-element elementor-element-90d2ba4 e-flex e-con-boxed e-con e-parent\" data-id=\"90d2ba4\" data-element_type=\"container\" data-settings=\"{&quot;background_background&quot;:&quot;classic&quot;,&quot;content_width&quot;:&quot;boxed&quot;}\" data-core-v316-plus=\"true\">\n\t\t\t\t\t<div class=\"e-con-inner\">\n\t\t\t\t<div class=\"elementor-element elementor-element-5bbfc64 elementor-widget elementor-widget-heading\" data-id=\"5bbfc64\" data-element_type=\"widget\" data-widget_type=\"heading.default\">\n\t\t\t\t<div class=\"elementor-widget-container\">\n\t\t\t<style>\/*! elementor - v3.16.0 - 20-09-2023 *\/\n.elementor-heading-title{padding:0;margin:0;line-height:1}.elementor-widget-heading .elementor-heading-title[class*=elementor-size-]>a{color:inherit;font-size:inherit;line-height:inherit}.elementor-widget-heading .elementor-heading-title.elementor-size-small{font-size:15px}.elementor-widget-heading .elementor-heading-title.elementor-size-medium{font-size:19px}.elementor-widget-heading .elementor-heading-title.elementor-size-large{font-size:29px}.elementor-widget-heading .elementor-heading-title.elementor-size-xl{font-size:39px}.elementor-widget-heading .elementor-heading-title.elementor-size-xxl{font-size:59px}<\/style><span class=\"elementor-heading-title elementor-size-default\">Zuletzt aktualisiert am 2023-10-11  <\/span>\t\t<\/div>\n\t\t\t\t<\/div>\n\t\t\t\t<div class=\"elementor-element elementor-element-758173a elementor-widget elementor-widget-text-editor\" data-id=\"758173a\" data-element_type=\"widget\" data-widget_type=\"text-editor.default\">\n\t\t\t\t<div class=\"elementor-widget-container\">\n\t\t\t<style>\/*! elementor - v3.16.0 - 20-09-2023 *\/\n.elementor-widget-text-editor.elementor-drop-cap-view-stacked .elementor-drop-cap{background-color:#69727d;color:#fff}.elementor-widget-text-editor.elementor-drop-cap-view-framed .elementor-drop-cap{color:#69727d;border:3px solid;background-color:transparent}.elementor-widget-text-editor:not(.elementor-drop-cap-view-default) .elementor-drop-cap{margin-top:8px}.elementor-widget-text-editor:not(.elementor-drop-cap-view-default) .elementor-drop-cap-letter{width:1em;height:1em}.elementor-widget-text-editor .elementor-drop-cap{float:left;text-align:center;line-height:1;font-size:50px}.elementor-widget-text-editor .elementor-drop-cap-letter{display:inline-block}<\/style>\t\t\t\t<p>Campcation Rewards ist ein Treueprogramm f\u00fcr Campcation\u00ae (das &#8222;Programm&#8220;). F\u00fcr jede Nacht, die Sie \u00fcber Campcation buchen, erhalten Sie einen Stempel (&#8222;Stempel&#8220;). Wenn Sie 10 Stempel bei uns sammeln, schenken wir Ihnen 1 Bonusnacht zum Einl\u00f6sen (&#8222;Bonusnacht&#8220;). In dieser Bonusnacht sind keine Steuern und Geb\u00fchren enthalten. Sie m\u00fcssen diese bezahlen, wenn Sie Ihre Bonusnacht einl\u00f6sen. Alle Buchungen m\u00fcssen online oder \u00fcber unsere mobile App vorgenommen werden.<\/p>\n<p>Das Programm steht allen Personen \u00fcber 18 Jahren (oder der Vollj\u00e4hrigkeit in Ihrem Land) offen, die sich auf Campcation mit einer g\u00fcltigen E-Mail-Adresse registrieren und dann am Programm teilnehmen. Unternehmen, Vereine oder andere Gruppen k\u00f6nnen sich nicht registrieren lassen.<\/p>\n<p><strong>ENTNAHME VON PROBEN<\/strong><\/p>\n<p>F\u00fcr jede Nacht, die Sie in einer an Campcation Rewards teilnehmenden Unterkunft verbringen, erhalten Sie einen Stempel. Wenn du zehn Briefmarken sammelst, bekommst du eine Bonusnacht. Sie m\u00fcssen bei der Online-Buchung und \u00fcber unsere mobile App in Ihr Campcation-Konto eingeloggt sein, damit wir die gesammelten Stempel nach Ihrem Aufenthalt Ihrem Konto hinzuf\u00fcgen k\u00f6nnen. Nur Campcation-Mitglieder k\u00f6nnen Briefmarken sammeln. Andere G\u00e4ste derselben Buchung k\u00f6nnen keine Marken sammeln, und Sie k\u00f6nnen keine Marken f\u00fcr Unterk\u00fcnfte sammeln, die Sie vor der Teilnahme am Programm gebucht haben.<\/p>\n<p>Die von Ihnen gesammelten Stempel werden Ihrem Konto bis zu 72 Stunden nach dem Auschecken aus Ihrer Campcation Rewards-Unterkunft gutgeschrieben. Sie k\u00f6nnen jederzeit sehen, wie viele Briefmarken Sie auf Ihrem Konto angesammelt haben. Melden Sie sich einfach bei Campcation an, nutzen Sie unsere mobile App oder rufen Sie unseren Kundenservice an.<\/p>\n<p><strong>IHRE BONUSN\u00c4CHTE EINL\u00d6SEN<\/strong><\/p>\n<p>Sobald Sie 10 Stempel gesammelt haben, schenken wir Ihnen eine Bonusnacht, die Sie in einer beliebigen teilnehmenden Campcation Rewards-Unterkunft einl\u00f6sen k\u00f6nnen. Sie k\u00f6nnen Ihre Bonusnacht online und in unserer mobilen App einl\u00f6sen.<\/p>\n<p>Der maximale Wert Ihrer Bonusnacht richtet sich nach dem Wert der zehn gesammelten Briefmarken. Dieser Wert stellt den Durchschnittspreis pro Nacht, ohne Steuern und Geb\u00fchren, f\u00fcr die von Ihnen gesammelten Briefmarken dar. Sie m\u00fcssen f\u00fcr Steuern, Geb\u00fchren, Mahlzeiten und alle anderen Kosten im Zusammenhang mit Ihrer Bonusnacht aufkommen.<\/p>\n<p><strong>\u00c4NDERUNGEN DER URLAUBSPR\u00c4MIEN, G\u00dcLTIGKEIT DER STEMPEL UND BEENDIGUNG DES PROGRAMMS<\/strong><\/p>\n<p>Ihre Briefmarken sind 12 Monate ab dem Datum ihres Eingangs g\u00fcltig. Wir k\u00f6nnen unsere Allgemeinen Gesch\u00e4ftsbedingungen jederzeit mit oder ohne Vorank\u00fcndigung \u00e4ndern. Campcation Rewards hat kein Enddatum und wird so lange fortgesetzt, bis wir es beenden, was jederzeit geschehen kann.<\/p>\n<p><strong>ALLGEMEINES \u00dcBER CAMPINGPR\u00c4MIEN<\/strong><\/p>\n<p>Wir behalten uns das Recht vor, Ihre Mitgliedschaft zu beenden, wenn Sie sich betr\u00fcgerisch verhalten oder das Programm in einer Weise nutzen, die nicht mit unseren Bedingungen \u00fcbereinstimmt. Sie d\u00fcrfen Ihre Briefmarken nicht verkaufen, \u00fcbertragen oder mit Briefmarken anderer Mitglieder kombinieren.<\/p>\n<p>Das Campcation Rewards Programm und die Regeln und Bedingungen von Campcation Rewards unterliegen den in den Nutzungsbedingungen dargelegten Gesetzen.<\/p>\n<p>Das Programm ist an Orten ung\u00fcltig, an denen es gesetzlich verboten ist. Unsere Entscheidung \u00fcber alle Fragen oder Konflikte im Zusammenhang mit dem Programm ist endg\u00fcltig.<\/p>\n\t\t\t\t\t\t<\/div>\n\t\t\t\t<\/div>\n\t\t\t\t\t<\/div>\n\t\t\t\t<\/div>\n\t\t<div class=\"elementor-element elementor-element-050fb57 e-flex e-con-boxed e-con e-parent\" data-id=\"050fb57\" data-element_type=\"container\" data-settings=\"{&quot;content_width&quot;:&quot;boxed&quot;}\" data-core-v316-plus=\"true\">\n\t\t\t\t\t<div class=\"e-con-inner\">\n\t\t\t\t\t<\/div>\n\t\t\t\t<\/div>\n\t\t\t\t\t\t\t<\/div>\n\t\t","protected":false},"excerpt":{"rendered":"<p>Zuletzt aktualisiert am 2023-10-11 Campcation Rewards ist ein Treueprogramm f\u00fcr Campcation\u00ae (das &#8222;Programm&#8220;). F\u00fcr jede Nacht, die Sie \u00fcber Campcation buchen, erhalten [&hellip;]<\/p>\n","protected":false},"author":1,"featured_media":0,"parent":0,"menu_order":0,"comment_status":"closed","ping_status":"closed","template":"","meta":{"footnotes":""},"yoast_head":"<!-- This site is optimized with the Yoast SEO plugin v21.4 - https:\/\/yoast.com\/wordpress\/plugins\/seo\/ -->\n<title>Bedingungen und Konditionen f\u00fcr Campcation Rewards - Campcation Rewards<\/title>\n<meta name=\"robots\" content=\"index, follow, max-snippet:-1, max-image-preview:large, max-video-preview:-1\" \/>\n<link rel=\"canonical\" href=\"https:\/\/rewards.campcation.com\/de\/bedingungen-und-konditionen-fuer-campcation-rewards\/\" \/>\n<meta property=\"og:locale\" content=\"de_DE\" \/>\n<meta property=\"og:type\" content=\"article\" \/>\n<meta property=\"og:title\" content=\"Bedingungen und Konditionen f\u00fcr Campcation Rewards - Campcation Rewards\" \/>\n<meta property=\"og:description\" content=\"Zuletzt aktualisiert am 2023-10-11 Campcation Rewards ist ein Treueprogramm f\u00fcr Campcation\u00ae (das &#8222;Programm&#8220;). F\u00fcr jede Nacht, die Sie \u00fcber Campcation buchen, erhalten [&hellip;]\" \/>\n<meta property=\"og:url\" content=\"https:\/\/rewards.campcation.com\/de\/bedingungen-und-konditionen-fuer-campcation-rewards\/\" \/>\n<meta property=\"og:site_name\" content=\"Campcation Rewards\" \/>\n<meta property=\"article:modified_time\" content=\"2023-10-17T08:22:48+00:00\" \/>\n<meta name=\"twitter:card\" content=\"summary_large_image\" \/>\n<meta name=\"twitter:label1\" content=\"Gesch\u00e4tzte Lesezeit\" \/>\n\t<meta name=\"twitter:data1\" content=\"3\u00a0Minuten\" \/>\n<script type=\"application\/ld+json\" class=\"yoast-schema-graph\">{\"@context\":\"https:\/\/schema.org\",\"@graph\":[{\"@type\":\"WebPage\",\"@id\":\"https:\/\/rewards.campcation.com\/de\/bedingungen-und-konditionen-fuer-campcation-rewards\/\",\"url\":\"https:\/\/rewards.campcation.com\/de\/bedingungen-und-konditionen-fuer-campcation-rewards\/\",\"name\":\"Bedingungen und Konditionen f\u00fcr Campcation Rewards - Campcation Rewards\",\"isPartOf\":{\"@id\":\"https:\/\/rewards.campcation.com\/de\/#website\"},\"datePublished\":\"2023-10-11T13:31:29+00:00\",\"dateModified\":\"2023-10-17T08:22:48+00:00\",\"breadcrumb\":{\"@id\":\"https:\/\/rewards.campcation.com\/de\/bedingungen-und-konditionen-fuer-campcation-rewards\/#breadcrumb\"},\"inLanguage\":\"de\",\"potentialAction\":[{\"@type\":\"ReadAction\",\"target\":[\"https:\/\/rewards.campcation.com\/de\/bedingungen-und-konditionen-fuer-campcation-rewards\/\"]}]},{\"@type\":\"BreadcrumbList\",\"@id\":\"https:\/\/rewards.campcation.com\/de\/bedingungen-und-konditionen-fuer-campcation-rewards\/#breadcrumb\",\"itemListElement\":[{\"@type\":\"ListItem\",\"position\":1,\"name\":\"Home\",\"item\":\"https:\/\/rewards.campcation.com\/de\/\"},{\"@type\":\"ListItem\",\"position\":2,\"name\":\"Bedingungen und Konditionen f\u00fcr Campcation Rewards\"}]},{\"@type\":\"WebSite\",\"@id\":\"https:\/\/rewards.campcation.com\/de\/#website\",\"url\":\"https:\/\/rewards.campcation.com\/de\/\",\"name\":\"Campcation Rewards\",\"description\":\"Nordens ledande lojalitetsprogram f\u00f6r camping\",\"publisher\":{\"@id\":\"https:\/\/rewards.campcation.com\/de\/#organization\"},\"potentialAction\":[{\"@type\":\"SearchAction\",\"target\":{\"@type\":\"EntryPoint\",\"urlTemplate\":\"https:\/\/rewards.campcation.com\/de\/?s={search_term_string}\"},\"query-input\":\"required name=search_term_string\"}],\"inLanguage\":\"de\"},{\"@type\":\"Organization\",\"@id\":\"https:\/\/rewards.campcation.com\/de\/#organization\",\"name\":\"Campcation Rewards\",\"url\":\"https:\/\/rewards.campcation.com\/de\/\",\"logo\":{\"@type\":\"ImageObject\",\"inLanguage\":\"de\",\"@id\":\"https:\/\/rewards.campcation.com\/de\/#\/schema\/logo\/image\/\",\"url\":\"https:\/\/rewards.campcation.com\/wp-content\/uploads\/2023\/09\/Campcation_Horizontal_hogupplost.png\",\"contentUrl\":\"https:\/\/rewards.campcation.com\/wp-content\/uploads\/2023\/09\/Campcation_Horizontal_hogupplost.png\",\"width\":2644,\"height\":475,\"caption\":\"Campcation Rewards\"},\"image\":{\"@id\":\"https:\/\/rewards.campcation.com\/de\/#\/schema\/logo\/image\/\"}}]}<\/script>\n<!-- \/ Yoast SEO plugin. -->","yoast_head_json":{"title":"Bedingungen und Konditionen f\u00fcr Campcation Rewards - Campcation Rewards","robots":{"index":"index","follow":"follow","max-snippet":"max-snippet:-1","max-image-preview":"max-image-preview:large","max-video-preview":"max-video-preview:-1"},"canonical":"https:\/\/rewards.campcation.com\/de\/bedingungen-und-konditionen-fuer-campcation-rewards\/","og_locale":"de_DE","og_type":"article","og_title":"Bedingungen und Konditionen f\u00fcr Campcation Rewards - Campcation Rewards","og_description":"Zuletzt aktualisiert am 2023-10-11 Campcation Rewards ist ein Treueprogramm f\u00fcr Campcation\u00ae (das &#8222;Programm&#8220;). F\u00fcr jede Nacht, die Sie \u00fcber Campcation buchen, erhalten [&hellip;]","og_url":"https:\/\/rewards.campcation.com\/de\/bedingungen-und-konditionen-fuer-campcation-rewards\/","og_site_name":"Campcation Rewards","article_modified_time":"2023-10-17T08:22:48+00:00","twitter_card":"summary_large_image","twitter_misc":{"Gesch\u00e4tzte Lesezeit":"3\u00a0Minuten"},"schema":{"@context":"https:\/\/schema.org","@graph":[{"@type":"WebPage","@id":"https:\/\/rewards.campcation.com\/de\/bedingungen-und-konditionen-fuer-campcation-rewards\/","url":"https:\/\/rewards.campcation.com\/de\/bedingungen-und-konditionen-fuer-campcation-rewards\/","name":"Bedingungen und Konditionen f\u00fcr Campcation Rewards - Campcation Rewards","isPartOf":{"@id":"https:\/\/rewards.campcation.com\/de\/#website"},"datePublished":"2023-10-11T13:31:29+00:00","dateModified":"2023-10-17T08:22:48+00:00","breadcrumb":{"@id":"https:\/\/rewards.campcation.com\/de\/bedingungen-und-konditionen-fuer-campcation-rewards\/#breadcrumb"},"inLanguage":"de","potentialAction":[{"@type":"ReadAction","target":["https:\/\/rewards.campcation.com\/de\/bedingungen-und-konditionen-fuer-campcation-rewards\/"]}]},{"@type":"BreadcrumbList","@id":"https:\/\/rewards.campcation.com\/de\/bedingungen-und-konditionen-fuer-campcation-rewards\/#breadcrumb","itemListElement":[{"@type":"ListItem","position":1,"name":"Home","item":"https:\/\/rewards.campcation.com\/de\/"},{"@type":"ListItem","position":2,"name":"Bedingungen und Konditionen f\u00fcr Campcation Rewards"}]},{"@type":"WebSite","@id":"https:\/\/rewards.campcation.com\/de\/#website","url":"https:\/\/rewards.campcation.com\/de\/","name":"Campcation Rewards","description":"Nordens ledande lojalitetsprogram f\u00f6r camping","publisher":{"@id":"https:\/\/rewards.campcation.com\/de\/#organization"},"potentialAction":[{"@type":"SearchAction","target":{"@type":"EntryPoint","urlTemplate":"https:\/\/rewards.campcation.com\/de\/?s={search_term_string}"},"query-input":"required name=search_term_string"}],"inLanguage":"de"},{"@type":"Organization","@id":"https:\/\/rewards.campcation.com\/de\/#organization","name":"Campcation Rewards","url":"https:\/\/rewards.campcation.com\/de\/","logo":{"@type":"ImageObject","inLanguage":"de","@id":"https:\/\/rewards.campcation.com\/de\/#\/schema\/logo\/image\/","url":"https:\/\/rewards.campcation.com\/wp-content\/uploads\/2023\/09\/Campcation_Horizontal_hogupplost.png","contentUrl":"https:\/\/rewards.campcation.com\/wp-content\/uploads\/2023\/09\/Campcation_Horizontal_hogupplost.png","width":2644,"height":475,"caption":"Campcation Rewards"},"image":{"@id":"https:\/\/rewards.campcation.com\/de\/#\/schema\/logo\/image\/"}}]}},"_links":{"self":[{"href":"https:\/\/rewards.campcation.com\/de\/wp-json\/wp\/v2\/pages\/342"}],"collection":[{"href":"https:\/\/rewards.campcation.com\/de\/wp-json\/wp\/v2\/pages"}],"about":[{"href":"https:\/\/rewards.campcation.com\/de\/wp-json\/wp\/v2\/types\/page"}],"author":[{"embeddable":true,"href":"https:\/\/rewards.campcation.com\/de\/wp-json\/wp\/v2\/users\/1"}],"replies":[{"embeddable":true,"href":"https:\/\/rewards.campcation.com\/de\/wp-json\/wp\/v2\/comments?post=342"}],"version-history":[{"count":2,"href":"https:\/\/rewards.campcation.com\/de\/wp-json\/wp\/v2\/pages\/342\/revisions"}],"predecessor-version":[{"id":433,"href":"https:\/\/rewards.campcation.com\/de\/wp-json\/wp\/v2\/pages\/342\/revisions\/433"}],"wp:attachment":[{"href":"https:\/\/rewards.campcation.com\/de\/wp-json\/wp\/v2\/media?parent=342"}],"curies":[{"name":"wp","href":"https:\/\/api.w.org\/{rel}","templated":true}]}}