{"id":344,"date":"2023-10-11T15:31:29","date_gmt":"2023-10-11T13:31:29","guid":{"rendered":"https:\/\/rewards.campcation.com\/vilkaar-og-betingelser-for-campcation-rewards\/"},"modified":"2023-10-17T10:23:15","modified_gmt":"2023-10-17T08:23:15","slug":"vilkaar-og-betingelser-for-campcation-rewards","status":"publish","type":"page","link":"https:\/\/rewards.campcation.com\/da\/vilkaar-og-betingelser-for-campcation-rewards\/","title":{"rendered":"Vilk\u00e5r og betingelser for Campcation Rewards"},"content":{"rendered":"\t\t<div data-elementor-type=\"wp-page\" data-elementor-id=\"344\" class=\"elementor elementor-344 elementor-174\">\n\t\t\t\t\t\t\t<div class=\"elementor-element elementor-element-90d2ba4 e-flex e-con-boxed e-con e-parent\" data-id=\"90d2ba4\" data-element_type=\"container\" data-settings=\"{&quot;background_background&quot;:&quot;classic&quot;,&quot;content_width&quot;:&quot;boxed&quot;}\" data-core-v316-plus=\"true\">\n\t\t\t\t\t<div class=\"e-con-inner\">\n\t\t\t\t<div class=\"elementor-element elementor-element-5bbfc64 elementor-widget elementor-widget-heading\" data-id=\"5bbfc64\" data-element_type=\"widget\" data-widget_type=\"heading.default\">\n\t\t\t\t<div class=\"elementor-widget-container\">\n\t\t\t<style>\/*! elementor - v3.16.0 - 20-09-2023 *\/\n.elementor-heading-title{padding:0;margin:0;line-height:1}.elementor-widget-heading .elementor-heading-title[class*=elementor-size-]>a{color:inherit;font-size:inherit;line-height:inherit}.elementor-widget-heading .elementor-heading-title.elementor-size-small{font-size:15px}.elementor-widget-heading .elementor-heading-title.elementor-size-medium{font-size:19px}.elementor-widget-heading .elementor-heading-title.elementor-size-large{font-size:29px}.elementor-widget-heading .elementor-heading-title.elementor-size-xl{font-size:39px}.elementor-widget-heading .elementor-heading-title.elementor-size-xxl{font-size:59px}<\/style><span class=\"elementor-heading-title elementor-size-default\">Sidst opdateret 2023-10-11  <\/span>\t\t<\/div>\n\t\t\t\t<\/div>\n\t\t\t\t<div class=\"elementor-element elementor-element-758173a elementor-widget elementor-widget-text-editor\" data-id=\"758173a\" data-element_type=\"widget\" data-widget_type=\"text-editor.default\">\n\t\t\t\t<div class=\"elementor-widget-container\">\n\t\t\t<style>\/*! elementor - v3.16.0 - 20-09-2023 *\/\n.elementor-widget-text-editor.elementor-drop-cap-view-stacked .elementor-drop-cap{background-color:#69727d;color:#fff}.elementor-widget-text-editor.elementor-drop-cap-view-framed .elementor-drop-cap{color:#69727d;border:3px solid;background-color:transparent}.elementor-widget-text-editor:not(.elementor-drop-cap-view-default) .elementor-drop-cap{margin-top:8px}.elementor-widget-text-editor:not(.elementor-drop-cap-view-default) .elementor-drop-cap-letter{width:1em;height:1em}.elementor-widget-text-editor .elementor-drop-cap{float:left;text-align:center;line-height:1;font-size:50px}.elementor-widget-text-editor .elementor-drop-cap-letter{display:inline-block}<\/style>\t\t\t\t<p>Campcation Rewards er et loyalitetsprogram for Campcation\u00ae (&#8220;programmet&#8221;). For hver nat, du booker gennem Campcation, vil du modtage et stempel (&#8220;Stempel&#8221;). N\u00e5r du samler 10 stempler hos os, giver vi dig 1 bonusnat, du kan indl\u00f8se (&#8220;bonusnat&#8221;). Denne bonusnat inkluderer ikke skatter og afgifter. Du skal betale dem, n\u00e5r du indl\u00f8ser din bonusnat. Alle bookinger skal foretages online eller via vores mobilapp.<\/p>\n<p>Programmet er \u00e5bent for alle over 18 \u00e5r (eller myndighedsalderen i dit land), der registrerer sig p\u00e5 Campcation med en gyldig e-mailadresse og derefter tilmelder sig programmet. Virksomheder, foreninger eller andre grupper kan ikke registrere sig.<\/p>\n<p><strong>INDSAMLING AF PR\u00d8VER<\/strong><\/p>\n<p>Du optjener et stempel for hver nat, du overnatter p\u00e5 et overnatningssted, der deltager i Campcation Rewards. Hvis du samler ti stempler, f\u00e5r du en bonusaften. Du skal v\u00e6re logget ind p\u00e5 din Campcation-konto, n\u00e5r du booker online, og via vores mobilapp, s\u00e5 vi kan tilf\u00f8je de stempler, du samler, til din konto efter dit ophold. Kun Campcation-medlemmer kan samle stempler. Andre g\u00e6ster p\u00e5 samme booking kan ikke f\u00e5 Stamps, og du kan ikke f\u00e5 Stamps for bookinger, du har foretaget, f\u00f8r du tilmeldte dig programmet.<\/p>\n<p>Vi tilf\u00f8jer de stempler, du samler, til din konto op til 72 timer efter, at du har tjekket ud af din Campcation Rewards-bolig. Du kan til enhver tid se, hvor mange stempler du har samlet p\u00e5 din konto. Bare log ind p\u00e5 Campcation, brug vores mobilapp, eller ring til vores kundeservice.<\/p>\n<p><strong>INDL\u00d8S DINE BONUSN\u00c6TTER<\/strong><\/p>\n<p>N\u00e5r du har samlet 10 stempler, giver vi dig en bonusnat, som du kan indl\u00f8se p\u00e5 et hvilket som helst deltagende Campcation Rewards-sted. Du kan indl\u00f8se din Bonus Night online og i vores mobilapp.<\/p>\n<p>Den maksimale v\u00e6rdi af din bonusaften er baseret p\u00e5 v\u00e6rdien af de ti stempler, du har samlet. Denne v\u00e6rdi repr\u00e6senterer den gennemsnitlige pris pr. nat, eksklusive skatter og afgifter, for de stempler, du tidligere har indsamlet. Du skal betale for skatter, afgifter, m\u00e5ltider og alle andre omkostninger i forbindelse med din bonusaften.<\/p>\n<p><strong>\u00c6NDRINGER AF CAMPCATION-BEL\u00d8NNINGER, GYLDIGHED AF STEMPLER, OG HVIS PROGRAMMET AFSLUTTES<\/strong><\/p>\n<p>Dine frim\u00e6rker er gyldige i 12 m\u00e5neder fra den dato, du modtager dem. Vi kan \u00e6ndre vores vilk\u00e5r og betingelser til enhver tid, med eller uden varsel. Campcation Rewards har ingen slutdato og vil forts\u00e6tte, indtil vi afslutter det, hvilket kan ske n\u00e5r som helst.<\/p>\n<p><strong>GENERELT OM CAMPCATION-BEL\u00d8NNINGER<\/strong><\/p>\n<p>Vi forbeholder os ret til at opsige dit medlemskab, hvis du opf\u00f8rer dig svigagtigt eller bruger programmet p\u00e5 en m\u00e5de, der ikke er i overensstemmelse med vores vilk\u00e5r og betingelser. Du m\u00e5 ikke s\u00e6lge eller overf\u00f8re dine stempler eller kombinere dem med andre medlemmers stempler.<\/p>\n<p>Campcation Rewards-programmet og reglerne og betingelserne for Campcation Rewards er underlagt de love, der er beskrevet i brugsbetingelserne.<\/p>\n<p>Programmet er ugyldigt p\u00e5 steder, hvor det er forbudt ved lov. Vores beslutning om alle sp\u00f8rgsm\u00e5l eller konflikter vedr\u00f8rende programmet er endelig.<\/p>\n\t\t\t\t\t\t<\/div>\n\t\t\t\t<\/div>\n\t\t\t\t\t<\/div>\n\t\t\t\t<\/div>\n\t\t<div class=\"elementor-element elementor-element-050fb57 e-flex e-con-boxed e-con e-parent\" data-id=\"050fb57\" data-element_type=\"container\" data-settings=\"{&quot;content_width&quot;:&quot;boxed&quot;}\" data-core-v316-plus=\"true\">\n\t\t\t\t\t<div class=\"e-con-inner\">\n\t\t\t\t\t<\/div>\n\t\t\t\t<\/div>\n\t\t\t\t\t\t\t<\/div>\n\t\t","protected":false},"excerpt":{"rendered":"<p>Sidst opdateret 2023-10-11 Campcation Rewards er et loyalitetsprogram for Campcation\u00ae (&#8220;programmet&#8221;). For hver nat, du booker gennem Campcation, vil du modtage et [&hellip;]<\/p>\n","protected":false},"author":1,"featured_media":0,"parent":0,"menu_order":0,"comment_status":"closed","ping_status":"closed","template":"","meta":{"footnotes":""},"yoast_head":"<!-- This site is optimized with the Yoast SEO plugin v21.4 - https:\/\/yoast.com\/wordpress\/plugins\/seo\/ -->\n<title>Vilk\u00e5r og betingelser for Campcation Rewards - Campcation Rewards<\/title>\n<meta name=\"robots\" content=\"index, follow, max-snippet:-1, max-image-preview:large, max-video-preview:-1\" \/>\n<link rel=\"canonical\" href=\"https:\/\/rewards.campcation.com\/da\/vilkaar-og-betingelser-for-campcation-rewards\/\" \/>\n<meta property=\"og:locale\" content=\"da_DK\" \/>\n<meta property=\"og:type\" content=\"article\" \/>\n<meta property=\"og:title\" content=\"Vilk\u00e5r og betingelser for Campcation Rewards - Campcation Rewards\" \/>\n<meta property=\"og:description\" content=\"Sidst opdateret 2023-10-11 Campcation Rewards er et loyalitetsprogram for Campcation\u00ae (&#8220;programmet&#8221;). For hver nat, du booker gennem Campcation, vil du modtage et [&hellip;]\" \/>\n<meta property=\"og:url\" content=\"https:\/\/rewards.campcation.com\/da\/vilkaar-og-betingelser-for-campcation-rewards\/\" \/>\n<meta property=\"og:site_name\" content=\"Campcation Rewards\" \/>\n<meta property=\"article:modified_time\" content=\"2023-10-17T08:23:15+00:00\" \/>\n<meta name=\"twitter:card\" content=\"summary_large_image\" \/>\n<meta name=\"twitter:label1\" content=\"Estimeret l\u00e6setid\" \/>\n\t<meta name=\"twitter:data1\" content=\"3 minutter\" \/>\n<script type=\"application\/ld+json\" class=\"yoast-schema-graph\">{\"@context\":\"https:\/\/schema.org\",\"@graph\":[{\"@type\":\"WebPage\",\"@id\":\"https:\/\/rewards.campcation.com\/da\/vilkaar-og-betingelser-for-campcation-rewards\/\",\"url\":\"https:\/\/rewards.campcation.com\/da\/vilkaar-og-betingelser-for-campcation-rewards\/\",\"name\":\"Vilk\u00e5r og betingelser for Campcation Rewards - Campcation Rewards\",\"isPartOf\":{\"@id\":\"https:\/\/rewards.campcation.com\/da\/#website\"},\"datePublished\":\"2023-10-11T13:31:29+00:00\",\"dateModified\":\"2023-10-17T08:23:15+00:00\",\"breadcrumb\":{\"@id\":\"https:\/\/rewards.campcation.com\/da\/vilkaar-og-betingelser-for-campcation-rewards\/#breadcrumb\"},\"inLanguage\":\"da-DK\",\"potentialAction\":[{\"@type\":\"ReadAction\",\"target\":[\"https:\/\/rewards.campcation.com\/da\/vilkaar-og-betingelser-for-campcation-rewards\/\"]}]},{\"@type\":\"BreadcrumbList\",\"@id\":\"https:\/\/rewards.campcation.com\/da\/vilkaar-og-betingelser-for-campcation-rewards\/#breadcrumb\",\"itemListElement\":[{\"@type\":\"ListItem\",\"position\":1,\"name\":\"Home\",\"item\":\"https:\/\/rewards.campcation.com\/da\/\"},{\"@type\":\"ListItem\",\"position\":2,\"name\":\"Vilk\u00e5r og betingelser for Campcation Rewards\"}]},{\"@type\":\"WebSite\",\"@id\":\"https:\/\/rewards.campcation.com\/da\/#website\",\"url\":\"https:\/\/rewards.campcation.com\/da\/\",\"name\":\"Campcation Rewards\",\"description\":\"Nordens ledande lojalitetsprogram f\u00f6r camping\",\"publisher\":{\"@id\":\"https:\/\/rewards.campcation.com\/da\/#organization\"},\"potentialAction\":[{\"@type\":\"SearchAction\",\"target\":{\"@type\":\"EntryPoint\",\"urlTemplate\":\"https:\/\/rewards.campcation.com\/da\/?s={search_term_string}\"},\"query-input\":\"required name=search_term_string\"}],\"inLanguage\":\"da-DK\"},{\"@type\":\"Organization\",\"@id\":\"https:\/\/rewards.campcation.com\/da\/#organization\",\"name\":\"Campcation Rewards\",\"url\":\"https:\/\/rewards.campcation.com\/da\/\",\"logo\":{\"@type\":\"ImageObject\",\"inLanguage\":\"da-DK\",\"@id\":\"https:\/\/rewards.campcation.com\/da\/#\/schema\/logo\/image\/\",\"url\":\"https:\/\/rewards.campcation.com\/wp-content\/uploads\/2023\/09\/Campcation_Horizontal_hogupplost.png\",\"contentUrl\":\"https:\/\/rewards.campcation.com\/wp-content\/uploads\/2023\/09\/Campcation_Horizontal_hogupplost.png\",\"width\":2644,\"height\":475,\"caption\":\"Campcation Rewards\"},\"image\":{\"@id\":\"https:\/\/rewards.campcation.com\/da\/#\/schema\/logo\/image\/\"}}]}<\/script>\n<!-- \/ Yoast SEO plugin. -->","yoast_head_json":{"title":"Vilk\u00e5r og betingelser for Campcation Rewards - Campcation Rewards","robots":{"index":"index","follow":"follow","max-snippet":"max-snippet:-1","max-image-preview":"max-image-preview:large","max-video-preview":"max-video-preview:-1"},"canonical":"https:\/\/rewards.campcation.com\/da\/vilkaar-og-betingelser-for-campcation-rewards\/","og_locale":"da_DK","og_type":"article","og_title":"Vilk\u00e5r og betingelser for Campcation Rewards - Campcation Rewards","og_description":"Sidst opdateret 2023-10-11 Campcation Rewards er et loyalitetsprogram for Campcation\u00ae (&#8220;programmet&#8221;). For hver nat, du booker gennem Campcation, vil du modtage et [&hellip;]","og_url":"https:\/\/rewards.campcation.com\/da\/vilkaar-og-betingelser-for-campcation-rewards\/","og_site_name":"Campcation Rewards","article_modified_time":"2023-10-17T08:23:15+00:00","twitter_card":"summary_large_image","twitter_misc":{"Estimeret l\u00e6setid":"3 minutter"},"schema":{"@context":"https:\/\/schema.org","@graph":[{"@type":"WebPage","@id":"https:\/\/rewards.campcation.com\/da\/vilkaar-og-betingelser-for-campcation-rewards\/","url":"https:\/\/rewards.campcation.com\/da\/vilkaar-og-betingelser-for-campcation-rewards\/","name":"Vilk\u00e5r og betingelser for Campcation Rewards - Campcation Rewards","isPartOf":{"@id":"https:\/\/rewards.campcation.com\/da\/#website"},"datePublished":"2023-10-11T13:31:29+00:00","dateModified":"2023-10-17T08:23:15+00:00","breadcrumb":{"@id":"https:\/\/rewards.campcation.com\/da\/vilkaar-og-betingelser-for-campcation-rewards\/#breadcrumb"},"inLanguage":"da-DK","potentialAction":[{"@type":"ReadAction","target":["https:\/\/rewards.campcation.com\/da\/vilkaar-og-betingelser-for-campcation-rewards\/"]}]},{"@type":"BreadcrumbList","@id":"https:\/\/rewards.campcation.com\/da\/vilkaar-og-betingelser-for-campcation-rewards\/#breadcrumb","itemListElement":[{"@type":"ListItem","position":1,"name":"Home","item":"https:\/\/rewards.campcation.com\/da\/"},{"@type":"ListItem","position":2,"name":"Vilk\u00e5r og betingelser for Campcation Rewards"}]},{"@type":"WebSite","@id":"https:\/\/rewards.campcation.com\/da\/#website","url":"https:\/\/rewards.campcation.com\/da\/","name":"Campcation Rewards","description":"Nordens ledande lojalitetsprogram f\u00f6r camping","publisher":{"@id":"https:\/\/rewards.campcation.com\/da\/#organization"},"potentialAction":[{"@type":"SearchAction","target":{"@type":"EntryPoint","urlTemplate":"https:\/\/rewards.campcation.com\/da\/?s={search_term_string}"},"query-input":"required name=search_term_string"}],"inLanguage":"da-DK"},{"@type":"Organization","@id":"https:\/\/rewards.campcation.com\/da\/#organization","name":"Campcation Rewards","url":"https:\/\/rewards.campcation.com\/da\/","logo":{"@type":"ImageObject","inLanguage":"da-DK","@id":"https:\/\/rewards.campcation.com\/da\/#\/schema\/logo\/image\/","url":"https:\/\/rewards.campcation.com\/wp-content\/uploads\/2023\/09\/Campcation_Horizontal_hogupplost.png","contentUrl":"https:\/\/rewards.campcation.com\/wp-content\/uploads\/2023\/09\/Campcation_Horizontal_hogupplost.png","width":2644,"height":475,"caption":"Campcation Rewards"},"image":{"@id":"https:\/\/rewards.campcation.com\/da\/#\/schema\/logo\/image\/"}}]}},"_links":{"self":[{"href":"https:\/\/rewards.campcation.com\/da\/wp-json\/wp\/v2\/pages\/344"}],"collection":[{"href":"https:\/\/rewards.campcation.com\/da\/wp-json\/wp\/v2\/pages"}],"about":[{"href":"https:\/\/rewards.campcation.com\/da\/wp-json\/wp\/v2\/types\/page"}],"author":[{"embeddable":true,"href":"https:\/\/rewards.campcation.com\/da\/wp-json\/wp\/v2\/users\/1"}],"replies":[{"embeddable":true,"href":"https:\/\/rewards.campcation.com\/da\/wp-json\/wp\/v2\/comments?post=344"}],"version-history":[{"count":2,"href":"https:\/\/rewards.campcation.com\/da\/wp-json\/wp\/v2\/pages\/344\/revisions"}],"predecessor-version":[{"id":436,"href":"https:\/\/rewards.campcation.com\/da\/wp-json\/wp\/v2\/pages\/344\/revisions\/436"}],"wp:attachment":[{"href":"https:\/\/rewards.campcation.com\/da\/wp-json\/wp\/v2\/media?parent=344"}],"curies":[{"name":"wp","href":"https:\/\/api.w.org\/{rel}","templated":true}]}}